{"id":19705,"date":"2026-01-05T21:32:48","date_gmt":"2026-01-05T19:32:48","guid":{"rendered":"https:\/\/bebijn.be\/?post_type=product&#038;p=19705"},"modified":"2026-03-27T11:11:51","modified_gmt":"2026-03-27T09:11:51","slug":"coffret-bergamote-eglantine","status":"publish","type":"product","link":"https:\/\/bebijn.be\/fr\/product\/bergamot-rozenbottel-doosje\/","title":{"rendered":"Bo\u00eete bergamote - \u00e9glantier"},"content":{"rendered":"<p data-start=\"0\" data-end=\"423\"><strong data-start=\"30\" data-end=\"76\">Bonbons Bebin \u00e0 la rose musqu\u00e9e et \u00e0 la bergamote<\/strong> est une combinaison \u00e9l\u00e9gante d'ar\u00f4mes de baies chaudes et douces et d'agrumes sophistiqu\u00e9s. L'\u00e9glantier apporte une profondeur l\u00e9g\u00e8rement aigre-douce avec un caract\u00e8re presque semblable \u00e0 celui du th\u00e9, tandis que la bergamote ajoute une note d'agrume fra\u00eeche et l\u00e9g\u00e8rement florale qui rehausse l'ensemble. Le r\u00e9sultat est une confiserie aromatique harmonieuse, luxueuse et sophistiqu\u00e9e.<\/p>\n<p data-start=\"425\" data-end=\"548\">Id\u00e9al pour accompagner le caf\u00e9 comme mignardise, l'addition, une douceur \u00e0 d\u00e9guster ou \u00e0 offrir comme cadeau original.<\/p>\n<p data-start=\"550\" data-end=\"673\">Pour les amateurs de saveurs nuanc\u00e9es, cette confiserie est un r\u00e9gal subtil plein de chaleur, d'\u00e9l\u00e9gance et d'\u00e9clat d'agrumes.<\/p>","protected":false},"excerpt":{"rendered":"<p data-start=\"0\" data-end=\"423\"><strong data-start=\"30\" data-end=\"76\">Bonbons Bebin \u00e0 la rose musqu\u00e9e et \u00e0 la bergamote<\/strong> est une combinaison \u00e9l\u00e9gante d'ar\u00f4mes de baies chaudes et douces et d'agrumes sophistiqu\u00e9s. L'\u00e9glantier apporte une profondeur l\u00e9g\u00e8rement aigre-douce avec un caract\u00e8re presque semblable \u00e0 celui du th\u00e9, tandis que la bergamote ajoute une note d'agrume fra\u00eeche et l\u00e9g\u00e8rement florale qui rehausse l'ensemble. Le r\u00e9sultat est une confiserie aromatique harmonieuse, luxueuse et sophistiqu\u00e9e.<\/p>\n<p data-start=\"425\" data-end=\"548\">Id\u00e9al pour accompagner le caf\u00e9 comme mignardise, l'addition, une douceur \u00e0 d\u00e9guster ou \u00e0 offrir comme cadeau original.<\/p>\n<p data-start=\"550\" data-end=\"673\">Pour les amateurs de saveurs nuanc\u00e9es, cette confiserie est un r\u00e9gal subtil plein de chaleur, d'\u00e9l\u00e9gance et d'\u00e9clat d'agrumes.<\/p>","protected":false},"featured_media":19671,"template":"","meta":[],"product_brand":[],"product_cat":[70],"product_tag":[],"class_list":{"0":"post-19705","1":"product","2":"type-product","3":"status-publish","4":"has-post-thumbnail","6":"product_cat-uit-bebijn-assortiment","8":"first","9":"outofstock","10":"taxable","11":"shipping-taxable","12":"purchasable","13":"product-type-simple"},"yoast_head":"<!-- This site is optimized with the Yoast SEO Premium plugin v24.2 (Yoast SEO v27.4) - https:\/\/yoast.com\/product\/yoast-seo-premium-wordpress\/ -->\n<title>Bergamot \u2022 Rozenbottel doosje - Artisanale snoep op maat | Bebijn<\/title>\n<meta name=\"description\" content=\"Bebijn snoepje met rozenbottel en bergamot: zacht, aromatisch en citrusfris \u2014 een elegante, warme en florale balans. \ud83c\udf39\ud83c\udf4a\u2728\ud83c\udf6c\" \/>\n<meta name=\"robots\" content=\"index, follow, max-snippet:-1, max-image-preview:large, max-video-preview:-1\" \/>\n<link rel=\"canonical\" href=\"https:\/\/bebijn.be\/fr\/produit\/coffret-bergamote-eglantine\/\" \/>\n<script type=\"application\/ld+json\" class=\"yoast-schema-graph\">{\"@context\":\"https:\\\/\\\/schema.org\",\"@graph\":[{\"@type\":\"WebPage\",\"@id\":\"https:\\\/\\\/bebijn.be\\\/product\\\/bergamot-rozenbottel-doosje\\\/\",\"url\":\"https:\\\/\\\/bebijn.be\\\/product\\\/bergamot-rozenbottel-doosje\\\/\",\"name\":\"Bergamot \u2022 Rozenbottel doosje - Artisanale snoep op maat | Bebijn\",\"isPartOf\":{\"@id\":\"https:\\\/\\\/bebijn.be\\\/#website\"},\"primaryImageOfPage\":{\"@id\":\"https:\\\/\\\/bebijn.be\\\/product\\\/bergamot-rozenbottel-doosje\\\/#primaryimage\"},\"image\":{\"@id\":\"https:\\\/\\\/bebijn.be\\\/product\\\/bergamot-rozenbottel-doosje\\\/#primaryimage\"},\"thumbnailUrl\":\"https:\\\/\\\/bebijn.be\\\/wp-content\\\/uploads\\\/2024\\\/12\\\/framboos-citroenverbena-fibergommi-bebijn-200g.png\",\"datePublished\":\"2026-01-05T19:32:48+00:00\",\"dateModified\":\"2026-03-27T09:11:51+00:00\",\"description\":\"Bebijn snoepje met rozenbottel en bergamot: zacht, aromatisch en citrusfris \u2014 een elegante, warme en florale balans. \ud83c\udf39\ud83c\udf4a\u2728\ud83c\udf6c\",\"breadcrumb\":{\"@id\":\"https:\\\/\\\/bebijn.be\\\/product\\\/bergamot-rozenbottel-doosje\\\/#breadcrumb\"},\"inLanguage\":\"fr-BE\",\"potentialAction\":[{\"@type\":\"ReadAction\",\"target\":[\"https:\\\/\\\/bebijn.be\\\/product\\\/bergamot-rozenbottel-doosje\\\/\"]}]},{\"@type\":\"ImageObject\",\"inLanguage\":\"fr-BE\",\"@id\":\"https:\\\/\\\/bebijn.be\\\/product\\\/bergamot-rozenbottel-doosje\\\/#primaryimage\",\"url\":\"https:\\\/\\\/bebijn.be\\\/wp-content\\\/uploads\\\/2024\\\/12\\\/framboos-citroenverbena-fibergommi-bebijn-200g.png\",\"contentUrl\":\"https:\\\/\\\/bebijn.be\\\/wp-content\\\/uploads\\\/2024\\\/12\\\/framboos-citroenverbena-fibergommi-bebijn-200g.png\",\"width\":640,\"height\":540},{\"@type\":\"BreadcrumbList\",\"@id\":\"https:\\\/\\\/bebijn.be\\\/product\\\/bergamot-rozenbottel-doosje\\\/#breadcrumb\",\"itemListElement\":[{\"@type\":\"ListItem\",\"position\":1,\"name\":\"Home\",\"item\":\"https:\\\/\\\/bebijn.be\\\/\"},{\"@type\":\"ListItem\",\"position\":2,\"name\":\"Winkel Bebijn\",\"item\":\"https:\\\/\\\/bebijn.be\\\/winkel-bebijn\\\/\"},{\"@type\":\"ListItem\",\"position\":3,\"name\":\"Bergamot \u2022 Rozenbottel doosje\"}]},{\"@type\":\"WebSite\",\"@id\":\"https:\\\/\\\/bebijn.be\\\/#website\",\"url\":\"https:\\\/\\\/bebijn.be\\\/\",\"name\":\"Bebijn | Artisanale snoep op maat\",\"description\":\"confiserie en snoep voor gastronomie marketing geschenk\",\"publisher\":{\"@id\":\"https:\\\/\\\/bebijn.be\\\/#organization\"},\"potentialAction\":[{\"@type\":\"SearchAction\",\"target\":{\"@type\":\"EntryPoint\",\"urlTemplate\":\"https:\\\/\\\/bebijn.be\\\/?s={search_term_string}\"},\"query-input\":{\"@type\":\"PropertyValueSpecification\",\"valueRequired\":true,\"valueName\":\"search_term_string\"}}],\"inLanguage\":\"fr-BE\"},{\"@type\":\"Organization\",\"@id\":\"https:\\\/\\\/bebijn.be\\\/#organization\",\"name\":\"Bebijn\",\"url\":\"https:\\\/\\\/bebijn.be\\\/\",\"logo\":{\"@type\":\"ImageObject\",\"inLanguage\":\"fr-BE\",\"@id\":\"https:\\\/\\\/bebijn.be\\\/#\\\/schema\\\/logo\\\/image\\\/\",\"url\":\"https:\\\/\\\/bebijn.be\\\/wp-content\\\/uploads\\\/2024\\\/12\\\/Bebijn-Logo-RGB-v1.png\",\"contentUrl\":\"https:\\\/\\\/bebijn.be\\\/wp-content\\\/uploads\\\/2024\\\/12\\\/Bebijn-Logo-RGB-v1.png\",\"width\":800,\"height\":800,\"caption\":\"Bebijn\"},\"image\":{\"@id\":\"https:\\\/\\\/bebijn.be\\\/#\\\/schema\\\/logo\\\/image\\\/\"},\"sameAs\":[\"https:\\\/\\\/www.facebook.com\\\/bebijn\\\/\",\"https:\\\/\\\/www.instagram.com\\\/bebijn.sweets\\\/\"]}]}<\/script>\n<meta property=\"product:price:amount\" content=\"7.50\" \/>\n<meta property=\"product:price:currency\" content=\"EUR\" \/>\n<meta property=\"og:availability\" content=\"out of stock\" \/>\n<meta property=\"product:availability\" content=\"out of stock\" \/>\n<meta property=\"product:retailer_item_id\" content=\"bergroze doosje\" \/>\n<meta property=\"product:condition\" content=\"new\" \/>\n<!-- \/ Yoast SEO Premium plugin. -->","yoast_head_json":{"title":"Bo\u00eete bergamote - \u00e9glantine - Confiseries artisanales sur commande | Bebijn","description":"Bonbon Bebi \u00e0 la rose musqu\u00e9e et \u00e0 la bergamote : doux, aromatique et hesp\u00e9rid\u00e9 - un \u00e9quilibre \u00e9l\u00e9gant, chaleureux et floral. \ud83c\udf39\ud83c\udf4a\u2728\ud83c\udf6c","robots":{"index":"index","follow":"follow","max-snippet":"max-snippet:-1","max-image-preview":"max-image-preview:large","max-video-preview":"max-video-preview:-1"},"canonical":"https:\/\/bebijn.be\/fr\/produit\/coffret-bergamote-eglantine\/","schema":{"@context":"https:\/\/schema.org","@graph":[{"@type":"WebPage","@id":"https:\/\/bebijn.be\/product\/bergamot-rozenbottel-doosje\/","url":"https:\/\/bebijn.be\/product\/bergamot-rozenbottel-doosje\/","name":"Bo\u00eete bergamote - \u00e9glantine - Confiseries artisanales sur commande | Bebijn","isPartOf":{"@id":"https:\/\/bebijn.be\/#website"},"primaryImageOfPage":{"@id":"https:\/\/bebijn.be\/product\/bergamot-rozenbottel-doosje\/#primaryimage"},"image":{"@id":"https:\/\/bebijn.be\/product\/bergamot-rozenbottel-doosje\/#primaryimage"},"thumbnailUrl":"https:\/\/bebijn.be\/wp-content\/uploads\/2024\/12\/framboos-citroenverbena-fibergommi-bebijn-200g.png","datePublished":"2026-01-05T19:32:48+00:00","dateModified":"2026-03-27T09:11:51+00:00","description":"Bonbon Bebi \u00e0 la rose musqu\u00e9e et \u00e0 la bergamote : doux, aromatique et hesp\u00e9rid\u00e9 - un \u00e9quilibre \u00e9l\u00e9gant, chaleureux et floral. \ud83c\udf39\ud83c\udf4a\u2728\ud83c\udf6c","breadcrumb":{"@id":"https:\/\/bebijn.be\/product\/bergamot-rozenbottel-doosje\/#breadcrumb"},"inLanguage":"fr-BE","potentialAction":[{"@type":"ReadAction","target":["https:\/\/bebijn.be\/product\/bergamot-rozenbottel-doosje\/"]}]},{"@type":"ImageObject","inLanguage":"fr-BE","@id":"https:\/\/bebijn.be\/product\/bergamot-rozenbottel-doosje\/#primaryimage","url":"https:\/\/bebijn.be\/wp-content\/uploads\/2024\/12\/framboos-citroenverbena-fibergommi-bebijn-200g.png","contentUrl":"https:\/\/bebijn.be\/wp-content\/uploads\/2024\/12\/framboos-citroenverbena-fibergommi-bebijn-200g.png","width":640,"height":540},{"@type":"BreadcrumbList","@id":"https:\/\/bebijn.be\/product\/bergamot-rozenbottel-doosje\/#breadcrumb","itemListElement":[{"@type":"ListItem","position":1,"name":"Home","item":"https:\/\/bebijn.be\/"},{"@type":"ListItem","position":2,"name":"Winkel Bebijn","item":"https:\/\/bebijn.be\/winkel-bebijn\/"},{"@type":"ListItem","position":3,"name":"Bergamot \u2022 Rozenbottel doosje"}]},{"@type":"WebSite","@id":"https:\/\/bebijn.be\/#website","url":"https:\/\/bebijn.be\/","name":"Bebijn | Sucreries artisanales personnalis\u00e9es","description":"confiserie et bonbons pour la gastronomie cadeau marketing","publisher":{"@id":"https:\/\/bebijn.be\/#organization"},"potentialAction":[{"@type":"SearchAction","target":{"@type":"EntryPoint","urlTemplate":"https:\/\/bebijn.be\/?s={search_term_string}"},"query-input":{"@type":"PropertyValueSpecification","valueRequired":true,"valueName":"search_term_string"}}],"inLanguage":"fr-BE"},{"@type":"Organization","@id":"https:\/\/bebijn.be\/#organization","name":"Bebijn","url":"https:\/\/bebijn.be\/","logo":{"@type":"ImageObject","inLanguage":"fr-BE","@id":"https:\/\/bebijn.be\/#\/schema\/logo\/image\/","url":"https:\/\/bebijn.be\/wp-content\/uploads\/2024\/12\/Bebijn-Logo-RGB-v1.png","contentUrl":"https:\/\/bebijn.be\/wp-content\/uploads\/2024\/12\/Bebijn-Logo-RGB-v1.png","width":800,"height":800,"caption":"Bebijn"},"image":{"@id":"https:\/\/bebijn.be\/#\/schema\/logo\/image\/"},"sameAs":["https:\/\/www.facebook.com\/bebijn\/","https:\/\/www.instagram.com\/bebijn.sweets\/"]}]},"product_price_amount":"7.50","product_price_currency":"EUR","og_availability":"out of stock","product_availability":"out of stock","product_retailer_item_id":"bergroze doosje","product_condition":"new"},"_links":{"self":[{"href":"https:\/\/bebijn.be\/fr\/wp-json\/wp\/v2\/product\/19705","targetHints":{"allow":["GET"]}}],"collection":[{"href":"https:\/\/bebijn.be\/fr\/wp-json\/wp\/v2\/product"}],"about":[{"href":"https:\/\/bebijn.be\/fr\/wp-json\/wp\/v2\/types\/product"}],"version-history":[{"count":1,"href":"https:\/\/bebijn.be\/fr\/wp-json\/wp\/v2\/product\/19705\/revisions"}],"predecessor-version":[{"id":19706,"href":"https:\/\/bebijn.be\/fr\/wp-json\/wp\/v2\/product\/19705\/revisions\/19706"}],"wp:featuredmedia":[{"embeddable":true,"href":"https:\/\/bebijn.be\/fr\/wp-json\/wp\/v2\/media\/19671"}],"wp:attachment":[{"href":"https:\/\/bebijn.be\/fr\/wp-json\/wp\/v2\/media?parent=19705"}],"wp:term":[{"taxonomy":"product_brand","embeddable":true,"href":"https:\/\/bebijn.be\/fr\/wp-json\/wp\/v2\/product_brand?post=19705"},{"taxonomy":"product_cat","embeddable":true,"href":"https:\/\/bebijn.be\/fr\/wp-json\/wp\/v2\/product_cat?post=19705"},{"taxonomy":"product_tag","embeddable":true,"href":"https:\/\/bebijn.be\/fr\/wp-json\/wp\/v2\/product_tag?post=19705"}],"curies":[{"name":"wp","href":"https:\/\/api.w.org\/{rel}","templated":true}]}}