{"id":19763,"date":"2026-01-19T23:13:33","date_gmt":"2026-01-19T21:13:33","guid":{"rendered":"https:\/\/bebijn.be\/?post_type=product&#038;p=19763"},"modified":"2026-04-02T18:30:51","modified_gmt":"2026-04-02T16:30:51","slug":"litchi-citron","status":"publish","type":"product","link":"https:\/\/bebijn.be\/fr\/product\/lychee-citroen\/","title":{"rendered":"Litchi - Citron"},"content":{"rendered":"<p data-start=\"0\" data-end=\"371\"><strong data-start=\"30\" data-end=\"70\">Bonbons Bebi au litchi et au citron<\/strong> est une combinaison sophistiqu\u00e9e de douceur exotique et d'agrumes frais. Le litchi apporte une douceur d\u00e9licate et florale avec un caract\u00e8re juteux, tandis que le citron apporte une fra\u00eecheur vive et vivifiante. Ensemble, ils cr\u00e9ent une confiserie l\u00e9g\u00e8re et \u00e9l\u00e9gante qui s\u00e9duit subtilement tout en restant merveilleusement \u00e9quilibr\u00e9e.<\/p>\n<p data-start=\"373\" data-end=\"496\">Id\u00e9al pour accompagner le caf\u00e9 comme mignardise, l'addition, une douceur \u00e0 d\u00e9guster ou \u00e0 offrir comme cadeau original.<\/p>\n<p data-start=\"498\" data-end=\"621\">Pour ceux qui aiment les saveurs fra\u00eeches et \u00e9l\u00e9gantes avec une touche d'exotisme, ce bonbon est un plaisir doux et p\u00e9tillant.<\/p>","protected":false},"excerpt":{"rendered":"<p data-start=\"0\" data-end=\"371\"><strong data-start=\"30\" data-end=\"70\">Bonbons Bebi au litchi et au citron<\/strong> est une combinaison sophistiqu\u00e9e de douceur exotique et d'agrumes frais. Le litchi apporte une douceur d\u00e9licate et florale avec un caract\u00e8re juteux, tandis que le citron apporte une fra\u00eecheur vive et vivifiante. Ensemble, ils cr\u00e9ent une confiserie l\u00e9g\u00e8re et \u00e9l\u00e9gante qui s\u00e9duit subtilement tout en restant merveilleusement \u00e9quilibr\u00e9e.<\/p>\n<p data-start=\"373\" data-end=\"496\">Id\u00e9al pour accompagner le caf\u00e9 comme mignardise, l'addition, une douceur \u00e0 d\u00e9guster ou \u00e0 offrir comme cadeau original.<\/p>\n<p data-start=\"498\" data-end=\"621\">Pour ceux qui aiment les saveurs fra\u00eeches et \u00e9l\u00e9gantes avec une touche d'exotisme, ce bonbon est un plaisir doux et p\u00e9tillant.<\/p>","protected":false},"featured_media":19764,"template":"","meta":[],"product_brand":[],"product_cat":[69],"product_tag":[],"class_list":{"0":"post-19763","1":"product","2":"type-product","3":"status-publish","4":"has-post-thumbnail","6":"product_cat-bebijn-assortiment-gommen","8":"first","9":"instock","10":"taxable","11":"shipping-taxable","12":"purchasable","13":"product-type-simple"},"yoast_head":"<!-- This site is optimized with the Yoast SEO Premium plugin v24.2 (Yoast SEO v27.4) - https:\/\/yoast.com\/product\/yoast-seo-premium-wordpress\/ -->\n<title>Lychee \u2022 Citroen - Artisanale snoep op maat | Bebijn<\/title>\n<meta name=\"description\" content=\"Bebijn snoepje met lychee en citroen: exotisch zacht en fris \u2014 bloemige lychee ontmoet sprankelende citrus. \ud83c\udf4b\ud83c\udf48\ud83c\udf6c\" \/>\n<meta name=\"robots\" content=\"index, follow, max-snippet:-1, max-image-preview:large, max-video-preview:-1\" \/>\n<link rel=\"canonical\" href=\"https:\/\/bebijn.be\/fr\/produit\/litchi-citron\/\" \/>\n<script type=\"application\/ld+json\" class=\"yoast-schema-graph\">{\"@context\":\"https:\\\/\\\/schema.org\",\"@graph\":[{\"@type\":\"WebPage\",\"@id\":\"https:\\\/\\\/bebijn.be\\\/product\\\/lychee-citroen\\\/\",\"url\":\"https:\\\/\\\/bebijn.be\\\/product\\\/lychee-citroen\\\/\",\"name\":\"Lychee \u2022 Citroen - Artisanale snoep op maat | Bebijn\",\"isPartOf\":{\"@id\":\"https:\\\/\\\/bebijn.be\\\/#website\"},\"primaryImageOfPage\":{\"@id\":\"https:\\\/\\\/bebijn.be\\\/product\\\/lychee-citroen\\\/#primaryimage\"},\"image\":{\"@id\":\"https:\\\/\\\/bebijn.be\\\/product\\\/lychee-citroen\\\/#primaryimage\"},\"thumbnailUrl\":\"https:\\\/\\\/bebijn.be\\\/wp-content\\\/uploads\\\/2026\\\/01\\\/055-geel-bebijn-passie-snoep.jpg\",\"datePublished\":\"2026-01-19T21:13:33+00:00\",\"dateModified\":\"2026-04-02T16:30:51+00:00\",\"description\":\"Bebijn snoepje met lychee en citroen: exotisch zacht en fris \u2014 bloemige lychee ontmoet sprankelende citrus. \ud83c\udf4b\ud83c\udf48\ud83c\udf6c\",\"breadcrumb\":{\"@id\":\"https:\\\/\\\/bebijn.be\\\/product\\\/lychee-citroen\\\/#breadcrumb\"},\"inLanguage\":\"fr-BE\",\"potentialAction\":[{\"@type\":\"ReadAction\",\"target\":[\"https:\\\/\\\/bebijn.be\\\/product\\\/lychee-citroen\\\/\"]}]},{\"@type\":\"ImageObject\",\"inLanguage\":\"fr-BE\",\"@id\":\"https:\\\/\\\/bebijn.be\\\/product\\\/lychee-citroen\\\/#primaryimage\",\"url\":\"https:\\\/\\\/bebijn.be\\\/wp-content\\\/uploads\\\/2026\\\/01\\\/055-geel-bebijn-passie-snoep.jpg\",\"contentUrl\":\"https:\\\/\\\/bebijn.be\\\/wp-content\\\/uploads\\\/2026\\\/01\\\/055-geel-bebijn-passie-snoep.jpg\",\"width\":800,\"height\":800},{\"@type\":\"BreadcrumbList\",\"@id\":\"https:\\\/\\\/bebijn.be\\\/product\\\/lychee-citroen\\\/#breadcrumb\",\"itemListElement\":[{\"@type\":\"ListItem\",\"position\":1,\"name\":\"Home\",\"item\":\"https:\\\/\\\/bebijn.be\\\/\"},{\"@type\":\"ListItem\",\"position\":2,\"name\":\"Winkel Bebijn\",\"item\":\"https:\\\/\\\/bebijn.be\\\/winkel-bebijn\\\/\"},{\"@type\":\"ListItem\",\"position\":3,\"name\":\"Lychee \u2022 Citroen\"}]},{\"@type\":\"WebSite\",\"@id\":\"https:\\\/\\\/bebijn.be\\\/#website\",\"url\":\"https:\\\/\\\/bebijn.be\\\/\",\"name\":\"Bebijn | Artisanale snoep op maat\",\"description\":\"confiserie en snoep voor gastronomie marketing geschenk\",\"publisher\":{\"@id\":\"https:\\\/\\\/bebijn.be\\\/#organization\"},\"potentialAction\":[{\"@type\":\"SearchAction\",\"target\":{\"@type\":\"EntryPoint\",\"urlTemplate\":\"https:\\\/\\\/bebijn.be\\\/?s={search_term_string}\"},\"query-input\":{\"@type\":\"PropertyValueSpecification\",\"valueRequired\":true,\"valueName\":\"search_term_string\"}}],\"inLanguage\":\"fr-BE\"},{\"@type\":\"Organization\",\"@id\":\"https:\\\/\\\/bebijn.be\\\/#organization\",\"name\":\"Bebijn\",\"url\":\"https:\\\/\\\/bebijn.be\\\/\",\"logo\":{\"@type\":\"ImageObject\",\"inLanguage\":\"fr-BE\",\"@id\":\"https:\\\/\\\/bebijn.be\\\/#\\\/schema\\\/logo\\\/image\\\/\",\"url\":\"https:\\\/\\\/bebijn.be\\\/wp-content\\\/uploads\\\/2024\\\/12\\\/Bebijn-Logo-RGB-v1.png\",\"contentUrl\":\"https:\\\/\\\/bebijn.be\\\/wp-content\\\/uploads\\\/2024\\\/12\\\/Bebijn-Logo-RGB-v1.png\",\"width\":800,\"height\":800,\"caption\":\"Bebijn\"},\"image\":{\"@id\":\"https:\\\/\\\/bebijn.be\\\/#\\\/schema\\\/logo\\\/image\\\/\"},\"sameAs\":[\"https:\\\/\\\/www.facebook.com\\\/bebijn\\\/\",\"https:\\\/\\\/www.instagram.com\\\/bebijn.sweets\\\/\"]}]}<\/script>\n<meta property=\"product:price:amount\" content=\"33.00\" \/>\n<meta property=\"product:price:currency\" content=\"EUR\" \/>\n<meta property=\"og:availability\" content=\"instock\" \/>\n<meta property=\"product:availability\" content=\"instock\" \/>\n<meta property=\"product:retailer_item_id\" content=\"gomlychcitr\" \/>\n<meta property=\"product:condition\" content=\"new\" \/>\n<!-- \/ Yoast SEO Premium plugin. -->","yoast_head_json":{"title":"Lychee - Lemon - Confiseries artisanales faites sur commande | Bebijn","description":"Bonbons Bebi au litchi et au citron : exotiquement doux et frais - le litchi floral rencontre les agrumes p\u00e9tillants. \ud83c\udf4b\ud83c\udf48\ud83c\udf6c","robots":{"index":"index","follow":"follow","max-snippet":"max-snippet:-1","max-image-preview":"max-image-preview:large","max-video-preview":"max-video-preview:-1"},"canonical":"https:\/\/bebijn.be\/fr\/produit\/litchi-citron\/","schema":{"@context":"https:\/\/schema.org","@graph":[{"@type":"WebPage","@id":"https:\/\/bebijn.be\/product\/lychee-citroen\/","url":"https:\/\/bebijn.be\/product\/lychee-citroen\/","name":"Lychee - Lemon - Confiseries artisanales faites sur commande | Bebijn","isPartOf":{"@id":"https:\/\/bebijn.be\/#website"},"primaryImageOfPage":{"@id":"https:\/\/bebijn.be\/product\/lychee-citroen\/#primaryimage"},"image":{"@id":"https:\/\/bebijn.be\/product\/lychee-citroen\/#primaryimage"},"thumbnailUrl":"https:\/\/bebijn.be\/wp-content\/uploads\/2026\/01\/055-geel-bebijn-passie-snoep.jpg","datePublished":"2026-01-19T21:13:33+00:00","dateModified":"2026-04-02T16:30:51+00:00","description":"Bonbons Bebi au litchi et au citron : exotiquement doux et frais - le litchi floral rencontre les agrumes p\u00e9tillants. \ud83c\udf4b\ud83c\udf48\ud83c\udf6c","breadcrumb":{"@id":"https:\/\/bebijn.be\/product\/lychee-citroen\/#breadcrumb"},"inLanguage":"fr-BE","potentialAction":[{"@type":"ReadAction","target":["https:\/\/bebijn.be\/product\/lychee-citroen\/"]}]},{"@type":"ImageObject","inLanguage":"fr-BE","@id":"https:\/\/bebijn.be\/product\/lychee-citroen\/#primaryimage","url":"https:\/\/bebijn.be\/wp-content\/uploads\/2026\/01\/055-geel-bebijn-passie-snoep.jpg","contentUrl":"https:\/\/bebijn.be\/wp-content\/uploads\/2026\/01\/055-geel-bebijn-passie-snoep.jpg","width":800,"height":800},{"@type":"BreadcrumbList","@id":"https:\/\/bebijn.be\/product\/lychee-citroen\/#breadcrumb","itemListElement":[{"@type":"ListItem","position":1,"name":"Home","item":"https:\/\/bebijn.be\/"},{"@type":"ListItem","position":2,"name":"Winkel Bebijn","item":"https:\/\/bebijn.be\/winkel-bebijn\/"},{"@type":"ListItem","position":3,"name":"Lychee \u2022 Citroen"}]},{"@type":"WebSite","@id":"https:\/\/bebijn.be\/#website","url":"https:\/\/bebijn.be\/","name":"Bebijn | Sucreries artisanales personnalis\u00e9es","description":"confiserie et bonbons pour la gastronomie cadeau marketing","publisher":{"@id":"https:\/\/bebijn.be\/#organization"},"potentialAction":[{"@type":"SearchAction","target":{"@type":"EntryPoint","urlTemplate":"https:\/\/bebijn.be\/?s={search_term_string}"},"query-input":{"@type":"PropertyValueSpecification","valueRequired":true,"valueName":"search_term_string"}}],"inLanguage":"fr-BE"},{"@type":"Organization","@id":"https:\/\/bebijn.be\/#organization","name":"Bebijn","url":"https:\/\/bebijn.be\/","logo":{"@type":"ImageObject","inLanguage":"fr-BE","@id":"https:\/\/bebijn.be\/#\/schema\/logo\/image\/","url":"https:\/\/bebijn.be\/wp-content\/uploads\/2024\/12\/Bebijn-Logo-RGB-v1.png","contentUrl":"https:\/\/bebijn.be\/wp-content\/uploads\/2024\/12\/Bebijn-Logo-RGB-v1.png","width":800,"height":800,"caption":"Bebijn"},"image":{"@id":"https:\/\/bebijn.be\/#\/schema\/logo\/image\/"},"sameAs":["https:\/\/www.facebook.com\/bebijn\/","https:\/\/www.instagram.com\/bebijn.sweets\/"]}]},"product_price_amount":"33.00","product_price_currency":"EUR","og_availability":"instock","product_availability":"instock","product_retailer_item_id":"gomlychcitr","product_condition":"new"},"_links":{"self":[{"href":"https:\/\/bebijn.be\/fr\/wp-json\/wp\/v2\/product\/19763","targetHints":{"allow":["GET"]}}],"collection":[{"href":"https:\/\/bebijn.be\/fr\/wp-json\/wp\/v2\/product"}],"about":[{"href":"https:\/\/bebijn.be\/fr\/wp-json\/wp\/v2\/types\/product"}],"version-history":[{"count":1,"href":"https:\/\/bebijn.be\/fr\/wp-json\/wp\/v2\/product\/19763\/revisions"}],"predecessor-version":[{"id":19765,"href":"https:\/\/bebijn.be\/fr\/wp-json\/wp\/v2\/product\/19763\/revisions\/19765"}],"wp:featuredmedia":[{"embeddable":true,"href":"https:\/\/bebijn.be\/fr\/wp-json\/wp\/v2\/media\/19764"}],"wp:attachment":[{"href":"https:\/\/bebijn.be\/fr\/wp-json\/wp\/v2\/media?parent=19763"}],"wp:term":[{"taxonomy":"product_brand","embeddable":true,"href":"https:\/\/bebijn.be\/fr\/wp-json\/wp\/v2\/product_brand?post=19763"},{"taxonomy":"product_cat","embeddable":true,"href":"https:\/\/bebijn.be\/fr\/wp-json\/wp\/v2\/product_cat?post=19763"},{"taxonomy":"product_tag","embeddable":true,"href":"https:\/\/bebijn.be\/fr\/wp-json\/wp\/v2\/product_tag?post=19763"}],"curies":[{"name":"wp","href":"https:\/\/api.w.org\/{rel}","templated":true}]}}