{"id":19787,"date":"2026-01-29T17:52:34","date_gmt":"2026-01-29T15:52:34","guid":{"rendered":"https:\/\/bebijn.be\/?post_type=product&#038;p=19787"},"modified":"2026-03-21T21:36:17","modified_gmt":"2026-03-21T19:36:17","slug":"framboise-orange-sanguine","status":"publish","type":"product","link":"https:\/\/bebijn.be\/fr\/product\/framboos-bloedsinaas\/","title":{"rendered":"Framboise - Orange sanguine"},"content":{"rendered":"<p data-start=\"0\" data-end=\"399\"><strong data-start=\"30\" data-end=\"81\">Bonbons Bevin \u00e0 la framboise et \u00e0 l'orange sanguine<\/strong> est une fusion vibrante de fruits rouges profonds et d'agrumes p\u00e9tillants. La framboise apporte une douceur douce avec une note d'acidit\u00e9 fra\u00eeche, tandis que l'orange sanguine apporte un caract\u00e8re d'agrume riche et aromatique avec une l\u00e9g\u00e8re amertume. Ensemble, ils forment une confiserie \u00e9l\u00e9gante et intens\u00e9ment fruit\u00e9e, pleine de couleur et d'\u00e9nergie.<\/p>\n<p data-start=\"401\" data-end=\"524\">Id\u00e9al pour accompagner le caf\u00e9 comme mignardise, l'addition, une douceur \u00e0 d\u00e9guster ou \u00e0 offrir comme cadeau original.<\/p>\n<p data-start=\"526\" data-end=\"665\">Pour les amateurs de saveurs fruit\u00e9es distinctes et fra\u00eeches, ce bonbon est un r\u00e9gal sophistiqu\u00e9 avec de la profondeur, de l'\u00e9clat et une note ensoleill\u00e9e.<\/p>","protected":false},"excerpt":{"rendered":"<p data-start=\"0\" data-end=\"399\"><strong data-start=\"30\" data-end=\"81\">Bonbons Bevin \u00e0 la framboise et \u00e0 l'orange sanguine<\/strong> est une fusion vibrante de fruits rouges profonds et d'agrumes p\u00e9tillants. La framboise apporte une douceur douce avec une note d'acidit\u00e9 fra\u00eeche, tandis que l'orange sanguine apporte un caract\u00e8re d'agrume riche et aromatique avec une l\u00e9g\u00e8re amertume. Ensemble, ils forment une confiserie \u00e9l\u00e9gante et intens\u00e9ment fruit\u00e9e, pleine de couleur et d'\u00e9nergie.<\/p>\n<p data-start=\"401\" data-end=\"524\">Id\u00e9al pour accompagner le caf\u00e9 comme mignardise, l'addition, une douceur \u00e0 d\u00e9guster ou \u00e0 offrir comme cadeau original.<\/p>\n<p data-start=\"526\" data-end=\"665\">Pour les amateurs de saveurs fruit\u00e9es distinctes et fra\u00eeches, ce bonbon est un r\u00e9gal sophistiqu\u00e9 avec de la profondeur, de l'\u00e9clat et une note ensoleill\u00e9e.<\/p>","protected":false},"featured_media":17023,"template":"","meta":[],"product_brand":[],"product_cat":[73],"product_tag":[],"class_list":{"0":"post-19787","1":"product","2":"type-product","3":"status-publish","4":"has-post-thumbnail","6":"product_cat-marshmallows","8":"first","9":"outofstock","10":"taxable","11":"shipping-taxable","12":"purchasable","13":"product-type-simple"},"yoast_head":"<!-- This site is optimized with the Yoast SEO Premium plugin v24.2 (Yoast SEO v27.4) - https:\/\/yoast.com\/product\/yoast-seo-premium-wordpress\/ -->\n<title>Framboos \u2022 Bloedsinaas - Artisanale snoep op maat | Bebijn<\/title>\n<meta name=\"description\" content=\"Bebijn snoepje met framboos en bloedsinaasappel: intens fruitig en fris \u2014 rood fruit ontmoet aromatische citrus. \ud83c\udf53\ud83c\udf4a\u2728\ud83c\udf6c\" \/>\n<meta name=\"robots\" content=\"index, follow, max-snippet:-1, max-image-preview:large, max-video-preview:-1\" \/>\n<link rel=\"canonical\" href=\"https:\/\/bebijn.be\/fr\/produit\/framboise-orange-sanguine\/\" \/>\n<script type=\"application\/ld+json\" class=\"yoast-schema-graph\">{\"@context\":\"https:\\\/\\\/schema.org\",\"@graph\":[{\"@type\":\"WebPage\",\"@id\":\"https:\\\/\\\/bebijn.be\\\/product\\\/framboos-bloedsinaas\\\/\",\"url\":\"https:\\\/\\\/bebijn.be\\\/product\\\/framboos-bloedsinaas\\\/\",\"name\":\"Framboos \u2022 Bloedsinaas - Artisanale snoep op maat | Bebijn\",\"isPartOf\":{\"@id\":\"https:\\\/\\\/bebijn.be\\\/#website\"},\"primaryImageOfPage\":{\"@id\":\"https:\\\/\\\/bebijn.be\\\/product\\\/framboos-bloedsinaas\\\/#primaryimage\"},\"image\":{\"@id\":\"https:\\\/\\\/bebijn.be\\\/product\\\/framboos-bloedsinaas\\\/#primaryimage\"},\"thumbnailUrl\":\"https:\\\/\\\/bebijn.be\\\/wp-content\\\/uploads\\\/2025\\\/01\\\/MM2x2-rood.jpg\",\"datePublished\":\"2026-01-29T15:52:34+00:00\",\"dateModified\":\"2026-03-21T19:36:17+00:00\",\"description\":\"Bebijn snoepje met framboos en bloedsinaasappel: intens fruitig en fris \u2014 rood fruit ontmoet aromatische citrus. \ud83c\udf53\ud83c\udf4a\u2728\ud83c\udf6c\",\"breadcrumb\":{\"@id\":\"https:\\\/\\\/bebijn.be\\\/product\\\/framboos-bloedsinaas\\\/#breadcrumb\"},\"inLanguage\":\"fr-BE\",\"potentialAction\":[{\"@type\":\"ReadAction\",\"target\":[\"https:\\\/\\\/bebijn.be\\\/product\\\/framboos-bloedsinaas\\\/\"]}]},{\"@type\":\"ImageObject\",\"inLanguage\":\"fr-BE\",\"@id\":\"https:\\\/\\\/bebijn.be\\\/product\\\/framboos-bloedsinaas\\\/#primaryimage\",\"url\":\"https:\\\/\\\/bebijn.be\\\/wp-content\\\/uploads\\\/2025\\\/01\\\/MM2x2-rood.jpg\",\"contentUrl\":\"https:\\\/\\\/bebijn.be\\\/wp-content\\\/uploads\\\/2025\\\/01\\\/MM2x2-rood.jpg\",\"width\":800,\"height\":800},{\"@type\":\"BreadcrumbList\",\"@id\":\"https:\\\/\\\/bebijn.be\\\/product\\\/framboos-bloedsinaas\\\/#breadcrumb\",\"itemListElement\":[{\"@type\":\"ListItem\",\"position\":1,\"name\":\"Home\",\"item\":\"https:\\\/\\\/bebijn.be\\\/\"},{\"@type\":\"ListItem\",\"position\":2,\"name\":\"Winkel Bebijn\",\"item\":\"https:\\\/\\\/bebijn.be\\\/winkel-bebijn\\\/\"},{\"@type\":\"ListItem\",\"position\":3,\"name\":\"Framboos \u2022 Bloedsinaas\"}]},{\"@type\":\"WebSite\",\"@id\":\"https:\\\/\\\/bebijn.be\\\/#website\",\"url\":\"https:\\\/\\\/bebijn.be\\\/\",\"name\":\"Bebijn | Artisanale snoep op maat\",\"description\":\"confiserie en snoep voor gastronomie marketing geschenk\",\"publisher\":{\"@id\":\"https:\\\/\\\/bebijn.be\\\/#organization\"},\"potentialAction\":[{\"@type\":\"SearchAction\",\"target\":{\"@type\":\"EntryPoint\",\"urlTemplate\":\"https:\\\/\\\/bebijn.be\\\/?s={search_term_string}\"},\"query-input\":{\"@type\":\"PropertyValueSpecification\",\"valueRequired\":true,\"valueName\":\"search_term_string\"}}],\"inLanguage\":\"fr-BE\"},{\"@type\":\"Organization\",\"@id\":\"https:\\\/\\\/bebijn.be\\\/#organization\",\"name\":\"Bebijn\",\"url\":\"https:\\\/\\\/bebijn.be\\\/\",\"logo\":{\"@type\":\"ImageObject\",\"inLanguage\":\"fr-BE\",\"@id\":\"https:\\\/\\\/bebijn.be\\\/#\\\/schema\\\/logo\\\/image\\\/\",\"url\":\"https:\\\/\\\/bebijn.be\\\/wp-content\\\/uploads\\\/2024\\\/12\\\/Bebijn-Logo-RGB-v1.png\",\"contentUrl\":\"https:\\\/\\\/bebijn.be\\\/wp-content\\\/uploads\\\/2024\\\/12\\\/Bebijn-Logo-RGB-v1.png\",\"width\":800,\"height\":800,\"caption\":\"Bebijn\"},\"image\":{\"@id\":\"https:\\\/\\\/bebijn.be\\\/#\\\/schema\\\/logo\\\/image\\\/\"},\"sameAs\":[\"https:\\\/\\\/www.facebook.com\\\/bebijn\\\/\",\"https:\\\/\\\/www.instagram.com\\\/bebijn.sweets\\\/\"]}]}<\/script>\n<meta property=\"product:price:amount\" content=\"33.00\" \/>\n<meta property=\"product:price:currency\" content=\"EUR\" \/>\n<meta property=\"og:availability\" content=\"out of stock\" \/>\n<meta property=\"product:availability\" content=\"out of stock\" \/>\n<meta property=\"product:retailer_item_id\" content=\"mmbloefram\" \/>\n<meta property=\"product:condition\" content=\"new\" \/>\n<!-- \/ Yoast SEO Premium plugin. -->","yoast_head_json":{"title":"Orange sanguine - Framboise - Confiseries artisanales sur commande | Bebijn","description":"Bonbon Bebi \u00e0 la framboise et \u00e0 l'orange sanguine : intens\u00e9ment fruit\u00e9 et frais - les fruits rouges rencontrent les agrumes aromatiques. \ud83c\udf53\ud83c\udf4a\u2728\ud83c\udf6c","robots":{"index":"index","follow":"follow","max-snippet":"max-snippet:-1","max-image-preview":"max-image-preview:large","max-video-preview":"max-video-preview:-1"},"canonical":"https:\/\/bebijn.be\/fr\/produit\/framboise-orange-sanguine\/","schema":{"@context":"https:\/\/schema.org","@graph":[{"@type":"WebPage","@id":"https:\/\/bebijn.be\/product\/framboos-bloedsinaas\/","url":"https:\/\/bebijn.be\/product\/framboos-bloedsinaas\/","name":"Orange sanguine - Framboise - Confiseries artisanales sur commande | Bebijn","isPartOf":{"@id":"https:\/\/bebijn.be\/#website"},"primaryImageOfPage":{"@id":"https:\/\/bebijn.be\/product\/framboos-bloedsinaas\/#primaryimage"},"image":{"@id":"https:\/\/bebijn.be\/product\/framboos-bloedsinaas\/#primaryimage"},"thumbnailUrl":"https:\/\/bebijn.be\/wp-content\/uploads\/2025\/01\/MM2x2-rood.jpg","datePublished":"2026-01-29T15:52:34+00:00","dateModified":"2026-03-21T19:36:17+00:00","description":"Bonbon Bebi \u00e0 la framboise et \u00e0 l'orange sanguine : intens\u00e9ment fruit\u00e9 et frais - les fruits rouges rencontrent les agrumes aromatiques. \ud83c\udf53\ud83c\udf4a\u2728\ud83c\udf6c","breadcrumb":{"@id":"https:\/\/bebijn.be\/product\/framboos-bloedsinaas\/#breadcrumb"},"inLanguage":"fr-BE","potentialAction":[{"@type":"ReadAction","target":["https:\/\/bebijn.be\/product\/framboos-bloedsinaas\/"]}]},{"@type":"ImageObject","inLanguage":"fr-BE","@id":"https:\/\/bebijn.be\/product\/framboos-bloedsinaas\/#primaryimage","url":"https:\/\/bebijn.be\/wp-content\/uploads\/2025\/01\/MM2x2-rood.jpg","contentUrl":"https:\/\/bebijn.be\/wp-content\/uploads\/2025\/01\/MM2x2-rood.jpg","width":800,"height":800},{"@type":"BreadcrumbList","@id":"https:\/\/bebijn.be\/product\/framboos-bloedsinaas\/#breadcrumb","itemListElement":[{"@type":"ListItem","position":1,"name":"Home","item":"https:\/\/bebijn.be\/"},{"@type":"ListItem","position":2,"name":"Winkel Bebijn","item":"https:\/\/bebijn.be\/winkel-bebijn\/"},{"@type":"ListItem","position":3,"name":"Framboos \u2022 Bloedsinaas"}]},{"@type":"WebSite","@id":"https:\/\/bebijn.be\/#website","url":"https:\/\/bebijn.be\/","name":"Bebijn | Sucreries artisanales personnalis\u00e9es","description":"confiserie et bonbons pour la gastronomie cadeau marketing","publisher":{"@id":"https:\/\/bebijn.be\/#organization"},"potentialAction":[{"@type":"SearchAction","target":{"@type":"EntryPoint","urlTemplate":"https:\/\/bebijn.be\/?s={search_term_string}"},"query-input":{"@type":"PropertyValueSpecification","valueRequired":true,"valueName":"search_term_string"}}],"inLanguage":"fr-BE"},{"@type":"Organization","@id":"https:\/\/bebijn.be\/#organization","name":"Bebijn","url":"https:\/\/bebijn.be\/","logo":{"@type":"ImageObject","inLanguage":"fr-BE","@id":"https:\/\/bebijn.be\/#\/schema\/logo\/image\/","url":"https:\/\/bebijn.be\/wp-content\/uploads\/2024\/12\/Bebijn-Logo-RGB-v1.png","contentUrl":"https:\/\/bebijn.be\/wp-content\/uploads\/2024\/12\/Bebijn-Logo-RGB-v1.png","width":800,"height":800,"caption":"Bebijn"},"image":{"@id":"https:\/\/bebijn.be\/#\/schema\/logo\/image\/"},"sameAs":["https:\/\/www.facebook.com\/bebijn\/","https:\/\/www.instagram.com\/bebijn.sweets\/"]}]},"product_price_amount":"33.00","product_price_currency":"EUR","og_availability":"out of stock","product_availability":"out of stock","product_retailer_item_id":"mmbloefram","product_condition":"new"},"_links":{"self":[{"href":"https:\/\/bebijn.be\/fr\/wp-json\/wp\/v2\/product\/19787","targetHints":{"allow":["GET"]}}],"collection":[{"href":"https:\/\/bebijn.be\/fr\/wp-json\/wp\/v2\/product"}],"about":[{"href":"https:\/\/bebijn.be\/fr\/wp-json\/wp\/v2\/types\/product"}],"version-history":[{"count":1,"href":"https:\/\/bebijn.be\/fr\/wp-json\/wp\/v2\/product\/19787\/revisions"}],"predecessor-version":[{"id":19788,"href":"https:\/\/bebijn.be\/fr\/wp-json\/wp\/v2\/product\/19787\/revisions\/19788"}],"wp:featuredmedia":[{"embeddable":true,"href":"https:\/\/bebijn.be\/fr\/wp-json\/wp\/v2\/media\/17023"}],"wp:attachment":[{"href":"https:\/\/bebijn.be\/fr\/wp-json\/wp\/v2\/media?parent=19787"}],"wp:term":[{"taxonomy":"product_brand","embeddable":true,"href":"https:\/\/bebijn.be\/fr\/wp-json\/wp\/v2\/product_brand?post=19787"},{"taxonomy":"product_cat","embeddable":true,"href":"https:\/\/bebijn.be\/fr\/wp-json\/wp\/v2\/product_cat?post=19787"},{"taxonomy":"product_tag","embeddable":true,"href":"https:\/\/bebijn.be\/fr\/wp-json\/wp\/v2\/product_tag?post=19787"}],"curies":[{"name":"wp","href":"https:\/\/api.w.org\/{rel}","templated":true}]}}