{"id":19852,"date":"2026-03-12T19:18:45","date_gmt":"2026-03-12T17:18:45","guid":{"rendered":"https:\/\/bebijn.be\/?post_type=product&#038;p=19852"},"modified":"2026-04-18T17:19:51","modified_gmt":"2026-04-18T15:19:51","slug":"orange-jaune-fruit-de-la-passion-maracuja","status":"publish","type":"product","link":"https:\/\/bebijn.be\/fr\/product\/sinaas-gele-passievrucht-maracuja\/","title":{"rendered":"Sinaas - Fruit de la passion jaune |Maracuja|"},"content":{"rendered":"<p data-start=\"0\" data-end=\"382\"><strong data-start=\"30\" data-end=\"76\">Bonbons Bevin \u00e0 l'orange et au maracuja<\/strong> est une combinaison vibrante d'agrumes ensoleill\u00e9s et d'intensit\u00e9 tropicale. L'orange apporte une douce fra\u00eecheur, tandis que le maracuja ajoute une acidit\u00e9 exotique prononc\u00e9e et une profondeur aromatique. Ensemble, ils cr\u00e9ent une confiserie p\u00e9tillante et fruit\u00e9e au go\u00fbt vif, \u00e9nergique et sophistiqu\u00e9.<\/p>\n<p data-start=\"384\" data-end=\"507\">Id\u00e9al pour accompagner le caf\u00e9 comme mignardise, l'addition, une douceur \u00e0 d\u00e9guster ou \u00e0 offrir comme cadeau original.<\/p>\n<p data-start=\"509\" data-end=\"623\">Pour les amateurs de saveurs fra\u00eeches et tropicales, ce bonbon est une friandise ensoleill\u00e9e pleine de vitalit\u00e9 et de caract\u00e8re.<\/p>","protected":false},"excerpt":{"rendered":"<p data-start=\"0\" data-end=\"382\"><strong data-start=\"30\" data-end=\"76\">Bonbons Bevin \u00e0 l'orange et au maracuja<\/strong> est une combinaison vibrante d'agrumes ensoleill\u00e9s et d'intensit\u00e9 tropicale. L'orange apporte une douce fra\u00eecheur, tandis que le maracuja ajoute une acidit\u00e9 exotique prononc\u00e9e et une profondeur aromatique. Ensemble, ils cr\u00e9ent une confiserie p\u00e9tillante et fruit\u00e9e au go\u00fbt vif, \u00e9nergique et sophistiqu\u00e9.<\/p>\n<p data-start=\"384\" data-end=\"507\">Id\u00e9al pour accompagner le caf\u00e9 comme mignardise, l'addition, une douceur \u00e0 d\u00e9guster ou \u00e0 offrir comme cadeau original.<\/p>\n<p data-start=\"509\" data-end=\"623\">Pour les amateurs de saveurs fra\u00eeches et tropicales, ce bonbon est une friandise ensoleill\u00e9e pleine de vitalit\u00e9 et de caract\u00e8re.<\/p>","protected":false},"featured_media":19850,"template":"","meta":[],"product_brand":[],"product_cat":[78],"product_tag":[],"class_list":{"0":"post-19852","1":"product","2":"type-product","3":"status-publish","4":"has-post-thumbnail","6":"product_cat-snoepmoment","8":"first","9":"instock","10":"sale","11":"taxable","12":"shipping-taxable","13":"purchasable","14":"product-type-simple"},"yoast_head":"<!-- This site is optimized with the Yoast SEO Premium plugin v24.2 (Yoast SEO v27.4) - https:\/\/yoast.com\/product\/yoast-seo-premium-wordpress\/ -->\n<title>Sinaas \u2022 Gele passievrucht |Maracuja| - Artisanale snoep op maat | Bebijn<\/title>\n<meta name=\"description\" content=\"Bebijn snoepje met sinaasappel en maracuja: zonnige citrus ontmoet exotische frisheid in een levendige, tropische harmonie. \ud83c\udf4a\ud83e\udd6d\u2728\ud83c\udf6c\" \/>\n<meta name=\"robots\" content=\"index, follow, max-snippet:-1, max-image-preview:large, max-video-preview:-1\" \/>\n<link rel=\"canonical\" href=\"https:\/\/bebijn.be\/fr\/produit\/orange-jaune-fruit-de-la-passion-maracuja\/\" \/>\n<script type=\"application\/ld+json\" class=\"yoast-schema-graph\">{\"@context\":\"https:\\\/\\\/schema.org\",\"@graph\":[{\"@type\":\"WebPage\",\"@id\":\"https:\\\/\\\/bebijn.be\\\/product\\\/sinaas-gele-passievrucht-maracuja\\\/\",\"url\":\"https:\\\/\\\/bebijn.be\\\/product\\\/sinaas-gele-passievrucht-maracuja\\\/\",\"name\":\"Sinaas \u2022 Gele passievrucht |Maracuja| - Artisanale snoep op maat | Bebijn\",\"isPartOf\":{\"@id\":\"https:\\\/\\\/bebijn.be\\\/#website\"},\"primaryImageOfPage\":{\"@id\":\"https:\\\/\\\/bebijn.be\\\/product\\\/sinaas-gele-passievrucht-maracuja\\\/#primaryimage\"},\"image\":{\"@id\":\"https:\\\/\\\/bebijn.be\\\/product\\\/sinaas-gele-passievrucht-maracuja\\\/#primaryimage\"},\"thumbnailUrl\":\"https:\\\/\\\/bebijn.be\\\/wp-content\\\/uploads\\\/2025\\\/01\\\/009-geel-oranje-bebijn-.jpg\",\"datePublished\":\"2026-03-12T17:18:45+00:00\",\"dateModified\":\"2026-04-18T15:19:51+00:00\",\"description\":\"Bebijn snoepje met sinaasappel en maracuja: zonnige citrus ontmoet exotische frisheid in een levendige, tropische harmonie. \ud83c\udf4a\ud83e\udd6d\u2728\ud83c\udf6c\",\"breadcrumb\":{\"@id\":\"https:\\\/\\\/bebijn.be\\\/product\\\/sinaas-gele-passievrucht-maracuja\\\/#breadcrumb\"},\"inLanguage\":\"fr-BE\",\"potentialAction\":[{\"@type\":\"ReadAction\",\"target\":[\"https:\\\/\\\/bebijn.be\\\/product\\\/sinaas-gele-passievrucht-maracuja\\\/\"]}]},{\"@type\":\"ImageObject\",\"inLanguage\":\"fr-BE\",\"@id\":\"https:\\\/\\\/bebijn.be\\\/product\\\/sinaas-gele-passievrucht-maracuja\\\/#primaryimage\",\"url\":\"https:\\\/\\\/bebijn.be\\\/wp-content\\\/uploads\\\/2025\\\/01\\\/009-geel-oranje-bebijn-.jpg\",\"contentUrl\":\"https:\\\/\\\/bebijn.be\\\/wp-content\\\/uploads\\\/2025\\\/01\\\/009-geel-oranje-bebijn-.jpg\",\"width\":800,\"height\":800},{\"@type\":\"BreadcrumbList\",\"@id\":\"https:\\\/\\\/bebijn.be\\\/product\\\/sinaas-gele-passievrucht-maracuja\\\/#breadcrumb\",\"itemListElement\":[{\"@type\":\"ListItem\",\"position\":1,\"name\":\"Home\",\"item\":\"https:\\\/\\\/bebijn.be\\\/\"},{\"@type\":\"ListItem\",\"position\":2,\"name\":\"Winkel Bebijn\",\"item\":\"https:\\\/\\\/bebijn.be\\\/winkel-bebijn\\\/\"},{\"@type\":\"ListItem\",\"position\":3,\"name\":\"Sinaas \u2022 Gele passievrucht |Maracuja|\"}]},{\"@type\":\"WebSite\",\"@id\":\"https:\\\/\\\/bebijn.be\\\/#website\",\"url\":\"https:\\\/\\\/bebijn.be\\\/\",\"name\":\"Bebijn | Artisanale snoep op maat\",\"description\":\"confiserie en snoep voor gastronomie marketing geschenk\",\"publisher\":{\"@id\":\"https:\\\/\\\/bebijn.be\\\/#organization\"},\"potentialAction\":[{\"@type\":\"SearchAction\",\"target\":{\"@type\":\"EntryPoint\",\"urlTemplate\":\"https:\\\/\\\/bebijn.be\\\/?s={search_term_string}\"},\"query-input\":{\"@type\":\"PropertyValueSpecification\",\"valueRequired\":true,\"valueName\":\"search_term_string\"}}],\"inLanguage\":\"fr-BE\"},{\"@type\":\"Organization\",\"@id\":\"https:\\\/\\\/bebijn.be\\\/#organization\",\"name\":\"Bebijn\",\"url\":\"https:\\\/\\\/bebijn.be\\\/\",\"logo\":{\"@type\":\"ImageObject\",\"inLanguage\":\"fr-BE\",\"@id\":\"https:\\\/\\\/bebijn.be\\\/#\\\/schema\\\/logo\\\/image\\\/\",\"url\":\"https:\\\/\\\/bebijn.be\\\/wp-content\\\/uploads\\\/2024\\\/12\\\/Bebijn-Logo-RGB-v1.png\",\"contentUrl\":\"https:\\\/\\\/bebijn.be\\\/wp-content\\\/uploads\\\/2024\\\/12\\\/Bebijn-Logo-RGB-v1.png\",\"width\":800,\"height\":800,\"caption\":\"Bebijn\"},\"image\":{\"@id\":\"https:\\\/\\\/bebijn.be\\\/#\\\/schema\\\/logo\\\/image\\\/\"},\"sameAs\":[\"https:\\\/\\\/www.facebook.com\\\/bebijn\\\/\",\"https:\\\/\\\/www.instagram.com\\\/bebijn.sweets\\\/\"]}]}<\/script>\n<meta property=\"product:price:amount\" content=\"25.00\" \/>\n<meta property=\"product:price:currency\" content=\"EUR\" \/>\n<meta property=\"og:availability\" content=\"instock\" \/>\n<meta property=\"product:availability\" content=\"instock\" \/>\n<meta property=\"product:retailer_item_id\" content=\"gomframpeer-1\" \/>\n<meta property=\"product:condition\" content=\"new\" \/>\n<!-- \/ Yoast SEO Premium plugin. -->","yoast_head_json":{"title":"Sinaas - Fruit de la passion jaune |Maracuja| - Confiseries artisanales sur commande | Bebijn","description":"Bonbon Bebi \u00e0 l'orange et au maracuja : les agrumes ensoleill\u00e9s rencontrent la fra\u00eecheur exotique dans une harmonie vibrante et tropicale. \ud83c\udf4a\ud83e\udd6d\u2728\ud83c\udf6c","robots":{"index":"index","follow":"follow","max-snippet":"max-snippet:-1","max-image-preview":"max-image-preview:large","max-video-preview":"max-video-preview:-1"},"canonical":"https:\/\/bebijn.be\/fr\/produit\/orange-jaune-fruit-de-la-passion-maracuja\/","schema":{"@context":"https:\/\/schema.org","@graph":[{"@type":"WebPage","@id":"https:\/\/bebijn.be\/product\/sinaas-gele-passievrucht-maracuja\/","url":"https:\/\/bebijn.be\/product\/sinaas-gele-passievrucht-maracuja\/","name":"Sinaas - Fruit de la passion jaune |Maracuja| - Confiseries artisanales sur commande | Bebijn","isPartOf":{"@id":"https:\/\/bebijn.be\/#website"},"primaryImageOfPage":{"@id":"https:\/\/bebijn.be\/product\/sinaas-gele-passievrucht-maracuja\/#primaryimage"},"image":{"@id":"https:\/\/bebijn.be\/product\/sinaas-gele-passievrucht-maracuja\/#primaryimage"},"thumbnailUrl":"https:\/\/bebijn.be\/wp-content\/uploads\/2025\/01\/009-geel-oranje-bebijn-.jpg","datePublished":"2026-03-12T17:18:45+00:00","dateModified":"2026-04-18T15:19:51+00:00","description":"Bonbon Bebi \u00e0 l'orange et au maracuja : les agrumes ensoleill\u00e9s rencontrent la fra\u00eecheur exotique dans une harmonie vibrante et tropicale. \ud83c\udf4a\ud83e\udd6d\u2728\ud83c\udf6c","breadcrumb":{"@id":"https:\/\/bebijn.be\/product\/sinaas-gele-passievrucht-maracuja\/#breadcrumb"},"inLanguage":"fr-BE","potentialAction":[{"@type":"ReadAction","target":["https:\/\/bebijn.be\/product\/sinaas-gele-passievrucht-maracuja\/"]}]},{"@type":"ImageObject","inLanguage":"fr-BE","@id":"https:\/\/bebijn.be\/product\/sinaas-gele-passievrucht-maracuja\/#primaryimage","url":"https:\/\/bebijn.be\/wp-content\/uploads\/2025\/01\/009-geel-oranje-bebijn-.jpg","contentUrl":"https:\/\/bebijn.be\/wp-content\/uploads\/2025\/01\/009-geel-oranje-bebijn-.jpg","width":800,"height":800},{"@type":"BreadcrumbList","@id":"https:\/\/bebijn.be\/product\/sinaas-gele-passievrucht-maracuja\/#breadcrumb","itemListElement":[{"@type":"ListItem","position":1,"name":"Home","item":"https:\/\/bebijn.be\/"},{"@type":"ListItem","position":2,"name":"Winkel Bebijn","item":"https:\/\/bebijn.be\/winkel-bebijn\/"},{"@type":"ListItem","position":3,"name":"Sinaas \u2022 Gele passievrucht |Maracuja|"}]},{"@type":"WebSite","@id":"https:\/\/bebijn.be\/#website","url":"https:\/\/bebijn.be\/","name":"Bebijn | Sucreries artisanales personnalis\u00e9es","description":"confiserie et bonbons pour la gastronomie cadeau marketing","publisher":{"@id":"https:\/\/bebijn.be\/#organization"},"potentialAction":[{"@type":"SearchAction","target":{"@type":"EntryPoint","urlTemplate":"https:\/\/bebijn.be\/?s={search_term_string}"},"query-input":{"@type":"PropertyValueSpecification","valueRequired":true,"valueName":"search_term_string"}}],"inLanguage":"fr-BE"},{"@type":"Organization","@id":"https:\/\/bebijn.be\/#organization","name":"Bebijn","url":"https:\/\/bebijn.be\/","logo":{"@type":"ImageObject","inLanguage":"fr-BE","@id":"https:\/\/bebijn.be\/#\/schema\/logo\/image\/","url":"https:\/\/bebijn.be\/wp-content\/uploads\/2024\/12\/Bebijn-Logo-RGB-v1.png","contentUrl":"https:\/\/bebijn.be\/wp-content\/uploads\/2024\/12\/Bebijn-Logo-RGB-v1.png","width":800,"height":800,"caption":"Bebijn"},"image":{"@id":"https:\/\/bebijn.be\/#\/schema\/logo\/image\/"},"sameAs":["https:\/\/www.facebook.com\/bebijn\/","https:\/\/www.instagram.com\/bebijn.sweets\/"]}]},"product_price_amount":"25.00","product_price_currency":"EUR","og_availability":"instock","product_availability":"instock","product_retailer_item_id":"gomframpeer-1","product_condition":"new"},"_links":{"self":[{"href":"https:\/\/bebijn.be\/fr\/wp-json\/wp\/v2\/product\/19852","targetHints":{"allow":["GET"]}}],"collection":[{"href":"https:\/\/bebijn.be\/fr\/wp-json\/wp\/v2\/product"}],"about":[{"href":"https:\/\/bebijn.be\/fr\/wp-json\/wp\/v2\/types\/product"}],"version-history":[{"count":1,"href":"https:\/\/bebijn.be\/fr\/wp-json\/wp\/v2\/product\/19852\/revisions"}],"predecessor-version":[{"id":19853,"href":"https:\/\/bebijn.be\/fr\/wp-json\/wp\/v2\/product\/19852\/revisions\/19853"}],"wp:featuredmedia":[{"embeddable":true,"href":"https:\/\/bebijn.be\/fr\/wp-json\/wp\/v2\/media\/19850"}],"wp:attachment":[{"href":"https:\/\/bebijn.be\/fr\/wp-json\/wp\/v2\/media?parent=19852"}],"wp:term":[{"taxonomy":"product_brand","embeddable":true,"href":"https:\/\/bebijn.be\/fr\/wp-json\/wp\/v2\/product_brand?post=19852"},{"taxonomy":"product_cat","embeddable":true,"href":"https:\/\/bebijn.be\/fr\/wp-json\/wp\/v2\/product_cat?post=19852"},{"taxonomy":"product_tag","embeddable":true,"href":"https:\/\/bebijn.be\/fr\/wp-json\/wp\/v2\/product_tag?post=19852"}],"curies":[{"name":"wp","href":"https:\/\/api.w.org\/{rel}","templated":true}]}}