{"id":19863,"date":"2026-03-16T14:06:48","date_gmt":"2026-03-16T12:06:48","guid":{"rendered":"https:\/\/bebijn.be\/?post_type=product&#038;p=19863"},"modified":"2026-04-15T20:43:40","modified_gmt":"2026-04-15T18:43:40","slug":"fleur-de-cerisier-pamplemousse","status":"publish","type":"product","link":"https:\/\/bebijn.be\/fr\/product\/kersenbloesem-pompelmoes\/","title":{"rendered":"Fleur de cerisier - Pamplemousse"},"content":{"rendered":"<p data-start=\"0\" data-end=\"402\"><strong data-start=\"30\" data-end=\"73\">Bonbons Bebi au sakura et au pamplemousse<\/strong> est une rencontre sophistiqu\u00e9e entre la douceur florale et la fra\u00eecheur des agrumes. Le sakura, ou fleur de cerisier, apporte un ar\u00f4me subtil semblable \u00e0 celui d'un parfum, avec une douceur douce et \u00e9l\u00e9gante, tandis que le pamplemousse apporte une fra\u00eecheur vive et l\u00e9g\u00e8rement am\u00e8re. Ensemble, ils forment une confiserie harmonieuse, \u00e0 la fois d\u00e9licate et vivifiante.<\/p>\n<p data-start=\"404\" data-end=\"527\">Id\u00e9al pour accompagner le caf\u00e9 comme mignardise, l'addition, une douceur \u00e0 d\u00e9guster ou \u00e0 offrir comme cadeau original.<\/p>\n<p data-start=\"529\" data-end=\"662\">Pour les amateurs de saveurs florales et fra\u00eeches, ce bonbon est une friandise \u00e9l\u00e9gante et sp\u00e9ciale au caract\u00e8re oriental subtil.<\/p>","protected":false},"excerpt":{"rendered":"<p data-start=\"0\" data-end=\"402\"><strong data-start=\"30\" data-end=\"73\">Bonbons Bebi au sakura et au pamplemousse<\/strong> est une rencontre sophistiqu\u00e9e entre la douceur florale et la fra\u00eecheur des agrumes. Le sakura, ou fleur de cerisier, apporte un ar\u00f4me subtil semblable \u00e0 celui d'un parfum, avec une douceur douce et \u00e9l\u00e9gante, tandis que le pamplemousse apporte une fra\u00eecheur vive et l\u00e9g\u00e8rement am\u00e8re. Ensemble, ils forment une confiserie harmonieuse, \u00e0 la fois d\u00e9licate et vivifiante.<\/p>\n<p data-start=\"404\" data-end=\"527\">Id\u00e9al pour accompagner le caf\u00e9 comme mignardise, l'addition, une douceur \u00e0 d\u00e9guster ou \u00e0 offrir comme cadeau original.<\/p>\n<p data-start=\"529\" data-end=\"662\">Pour les amateurs de saveurs florales et fra\u00eeches, ce bonbon est une friandise \u00e9l\u00e9gante et sp\u00e9ciale au caract\u00e8re oriental subtil.<\/p>","protected":false},"featured_media":19861,"template":"","meta":[],"product_brand":[],"product_cat":[69],"product_tag":[],"class_list":{"0":"post-19863","1":"product","2":"type-product","3":"status-publish","4":"has-post-thumbnail","6":"product_cat-bebijn-assortiment-gommen","8":"first","9":"instock","10":"taxable","11":"shipping-taxable","12":"purchasable","13":"product-type-simple"},"yoast_head":"<!-- This site is optimized with the Yoast SEO Premium plugin v24.2 (Yoast SEO v27.4) - https:\/\/yoast.com\/product\/yoast-seo-premium-wordpress\/ -->\n<title>Kersenbloesem \u2022 Pompelmoes - Artisanale snoep op maat | Bebijn<\/title>\n<meta name=\"description\" content=\"Bebijn snoepje met sakura en pompelmoes: bloemige zachtheid en frisse citrus in een elegante, licht exotische harmonie. \ud83c\udf38\ud83c\udf4a\u2728\ud83c\udf6c\" \/>\n<meta name=\"robots\" content=\"index, follow, max-snippet:-1, max-image-preview:large, max-video-preview:-1\" \/>\n<link rel=\"canonical\" href=\"https:\/\/bebijn.be\/fr\/produit\/fleur-de-cerisier-pamplemousse\/\" \/>\n<script type=\"application\/ld+json\" class=\"yoast-schema-graph\">{\"@context\":\"https:\\\/\\\/schema.org\",\"@graph\":[{\"@type\":\"WebPage\",\"@id\":\"https:\\\/\\\/bebijn.be\\\/product\\\/kersenbloesem-pompelmoes\\\/\",\"url\":\"https:\\\/\\\/bebijn.be\\\/product\\\/kersenbloesem-pompelmoes\\\/\",\"name\":\"Kersenbloesem \u2022 Pompelmoes - Artisanale snoep op maat | Bebijn\",\"isPartOf\":{\"@id\":\"https:\\\/\\\/bebijn.be\\\/#website\"},\"primaryImageOfPage\":{\"@id\":\"https:\\\/\\\/bebijn.be\\\/product\\\/kersenbloesem-pompelmoes\\\/#primaryimage\"},\"image\":{\"@id\":\"https:\\\/\\\/bebijn.be\\\/product\\\/kersenbloesem-pompelmoes\\\/#primaryimage\"},\"thumbnailUrl\":\"https:\\\/\\\/bebijn.be\\\/wp-content\\\/uploads\\\/2025\\\/01\\\/061-lichtrood-mat-bebijn-snoepje.jpg\",\"datePublished\":\"2026-03-16T12:06:48+00:00\",\"dateModified\":\"2026-04-15T18:43:40+00:00\",\"description\":\"Bebijn snoepje met sakura en pompelmoes: bloemige zachtheid en frisse citrus in een elegante, licht exotische harmonie. \ud83c\udf38\ud83c\udf4a\u2728\ud83c\udf6c\",\"breadcrumb\":{\"@id\":\"https:\\\/\\\/bebijn.be\\\/product\\\/kersenbloesem-pompelmoes\\\/#breadcrumb\"},\"inLanguage\":\"fr-BE\",\"potentialAction\":[{\"@type\":\"ReadAction\",\"target\":[\"https:\\\/\\\/bebijn.be\\\/product\\\/kersenbloesem-pompelmoes\\\/\"]}]},{\"@type\":\"ImageObject\",\"inLanguage\":\"fr-BE\",\"@id\":\"https:\\\/\\\/bebijn.be\\\/product\\\/kersenbloesem-pompelmoes\\\/#primaryimage\",\"url\":\"https:\\\/\\\/bebijn.be\\\/wp-content\\\/uploads\\\/2025\\\/01\\\/061-lichtrood-mat-bebijn-snoepje.jpg\",\"contentUrl\":\"https:\\\/\\\/bebijn.be\\\/wp-content\\\/uploads\\\/2025\\\/01\\\/061-lichtrood-mat-bebijn-snoepje.jpg\",\"width\":800,\"height\":800},{\"@type\":\"BreadcrumbList\",\"@id\":\"https:\\\/\\\/bebijn.be\\\/product\\\/kersenbloesem-pompelmoes\\\/#breadcrumb\",\"itemListElement\":[{\"@type\":\"ListItem\",\"position\":1,\"name\":\"Home\",\"item\":\"https:\\\/\\\/bebijn.be\\\/\"},{\"@type\":\"ListItem\",\"position\":2,\"name\":\"Winkel Bebijn\",\"item\":\"https:\\\/\\\/bebijn.be\\\/winkel-bebijn\\\/\"},{\"@type\":\"ListItem\",\"position\":3,\"name\":\"Kersenbloesem \u2022 Pompelmoes\"}]},{\"@type\":\"WebSite\",\"@id\":\"https:\\\/\\\/bebijn.be\\\/#website\",\"url\":\"https:\\\/\\\/bebijn.be\\\/\",\"name\":\"Bebijn | Artisanale snoep op maat\",\"description\":\"confiserie en snoep voor gastronomie marketing geschenk\",\"publisher\":{\"@id\":\"https:\\\/\\\/bebijn.be\\\/#organization\"},\"potentialAction\":[{\"@type\":\"SearchAction\",\"target\":{\"@type\":\"EntryPoint\",\"urlTemplate\":\"https:\\\/\\\/bebijn.be\\\/?s={search_term_string}\"},\"query-input\":{\"@type\":\"PropertyValueSpecification\",\"valueRequired\":true,\"valueName\":\"search_term_string\"}}],\"inLanguage\":\"fr-BE\"},{\"@type\":\"Organization\",\"@id\":\"https:\\\/\\\/bebijn.be\\\/#organization\",\"name\":\"Bebijn\",\"url\":\"https:\\\/\\\/bebijn.be\\\/\",\"logo\":{\"@type\":\"ImageObject\",\"inLanguage\":\"fr-BE\",\"@id\":\"https:\\\/\\\/bebijn.be\\\/#\\\/schema\\\/logo\\\/image\\\/\",\"url\":\"https:\\\/\\\/bebijn.be\\\/wp-content\\\/uploads\\\/2024\\\/12\\\/Bebijn-Logo-RGB-v1.png\",\"contentUrl\":\"https:\\\/\\\/bebijn.be\\\/wp-content\\\/uploads\\\/2024\\\/12\\\/Bebijn-Logo-RGB-v1.png\",\"width\":800,\"height\":800,\"caption\":\"Bebijn\"},\"image\":{\"@id\":\"https:\\\/\\\/bebijn.be\\\/#\\\/schema\\\/logo\\\/image\\\/\"},\"sameAs\":[\"https:\\\/\\\/www.facebook.com\\\/bebijn\\\/\",\"https:\\\/\\\/www.instagram.com\\\/bebijn.sweets\\\/\"]}]}<\/script>\n<meta property=\"product:price:amount\" content=\"33.00\" \/>\n<meta property=\"product:price:currency\" content=\"EUR\" \/>\n<meta property=\"og:availability\" content=\"instock\" \/>\n<meta property=\"product:availability\" content=\"instock\" \/>\n<meta property=\"product:retailer_item_id\" content=\"pompsakuzgom\" \/>\n<meta property=\"product:condition\" content=\"new\" \/>\n<!-- \/ Yoast SEO Premium plugin. -->","yoast_head_json":{"title":"Fleur de cerisier - Pamplemousse - Confiseries artisanales sur commande | Bebijn","description":"Bonbon Bebi au sakura et au pamplemousse : douceur florale et fra\u00eecheur des agrumes dans une harmonie \u00e9l\u00e9gante et l\u00e9g\u00e8rement exotique. \ud83c\udf38\ud83c\udf4a\u2728\ud83c\udf6c","robots":{"index":"index","follow":"follow","max-snippet":"max-snippet:-1","max-image-preview":"max-image-preview:large","max-video-preview":"max-video-preview:-1"},"canonical":"https:\/\/bebijn.be\/fr\/produit\/fleur-de-cerisier-pamplemousse\/","schema":{"@context":"https:\/\/schema.org","@graph":[{"@type":"WebPage","@id":"https:\/\/bebijn.be\/product\/kersenbloesem-pompelmoes\/","url":"https:\/\/bebijn.be\/product\/kersenbloesem-pompelmoes\/","name":"Fleur de cerisier - Pamplemousse - Confiseries artisanales sur commande | Bebijn","isPartOf":{"@id":"https:\/\/bebijn.be\/#website"},"primaryImageOfPage":{"@id":"https:\/\/bebijn.be\/product\/kersenbloesem-pompelmoes\/#primaryimage"},"image":{"@id":"https:\/\/bebijn.be\/product\/kersenbloesem-pompelmoes\/#primaryimage"},"thumbnailUrl":"https:\/\/bebijn.be\/wp-content\/uploads\/2025\/01\/061-lichtrood-mat-bebijn-snoepje.jpg","datePublished":"2026-03-16T12:06:48+00:00","dateModified":"2026-04-15T18:43:40+00:00","description":"Bonbon Bebi au sakura et au pamplemousse : douceur florale et fra\u00eecheur des agrumes dans une harmonie \u00e9l\u00e9gante et l\u00e9g\u00e8rement exotique. \ud83c\udf38\ud83c\udf4a\u2728\ud83c\udf6c","breadcrumb":{"@id":"https:\/\/bebijn.be\/product\/kersenbloesem-pompelmoes\/#breadcrumb"},"inLanguage":"fr-BE","potentialAction":[{"@type":"ReadAction","target":["https:\/\/bebijn.be\/product\/kersenbloesem-pompelmoes\/"]}]},{"@type":"ImageObject","inLanguage":"fr-BE","@id":"https:\/\/bebijn.be\/product\/kersenbloesem-pompelmoes\/#primaryimage","url":"https:\/\/bebijn.be\/wp-content\/uploads\/2025\/01\/061-lichtrood-mat-bebijn-snoepje.jpg","contentUrl":"https:\/\/bebijn.be\/wp-content\/uploads\/2025\/01\/061-lichtrood-mat-bebijn-snoepje.jpg","width":800,"height":800},{"@type":"BreadcrumbList","@id":"https:\/\/bebijn.be\/product\/kersenbloesem-pompelmoes\/#breadcrumb","itemListElement":[{"@type":"ListItem","position":1,"name":"Home","item":"https:\/\/bebijn.be\/"},{"@type":"ListItem","position":2,"name":"Winkel Bebijn","item":"https:\/\/bebijn.be\/winkel-bebijn\/"},{"@type":"ListItem","position":3,"name":"Kersenbloesem \u2022 Pompelmoes"}]},{"@type":"WebSite","@id":"https:\/\/bebijn.be\/#website","url":"https:\/\/bebijn.be\/","name":"Bebijn | Sucreries artisanales personnalis\u00e9es","description":"confiserie et bonbons pour la gastronomie cadeau marketing","publisher":{"@id":"https:\/\/bebijn.be\/#organization"},"potentialAction":[{"@type":"SearchAction","target":{"@type":"EntryPoint","urlTemplate":"https:\/\/bebijn.be\/?s={search_term_string}"},"query-input":{"@type":"PropertyValueSpecification","valueRequired":true,"valueName":"search_term_string"}}],"inLanguage":"fr-BE"},{"@type":"Organization","@id":"https:\/\/bebijn.be\/#organization","name":"Bebijn","url":"https:\/\/bebijn.be\/","logo":{"@type":"ImageObject","inLanguage":"fr-BE","@id":"https:\/\/bebijn.be\/#\/schema\/logo\/image\/","url":"https:\/\/bebijn.be\/wp-content\/uploads\/2024\/12\/Bebijn-Logo-RGB-v1.png","contentUrl":"https:\/\/bebijn.be\/wp-content\/uploads\/2024\/12\/Bebijn-Logo-RGB-v1.png","width":800,"height":800,"caption":"Bebijn"},"image":{"@id":"https:\/\/bebijn.be\/#\/schema\/logo\/image\/"},"sameAs":["https:\/\/www.facebook.com\/bebijn\/","https:\/\/www.instagram.com\/bebijn.sweets\/"]}]},"product_price_amount":"33.00","product_price_currency":"EUR","og_availability":"instock","product_availability":"instock","product_retailer_item_id":"pompsakuzgom","product_condition":"new"},"_links":{"self":[{"href":"https:\/\/bebijn.be\/fr\/wp-json\/wp\/v2\/product\/19863","targetHints":{"allow":["GET"]}}],"collection":[{"href":"https:\/\/bebijn.be\/fr\/wp-json\/wp\/v2\/product"}],"about":[{"href":"https:\/\/bebijn.be\/fr\/wp-json\/wp\/v2\/types\/product"}],"version-history":[{"count":1,"href":"https:\/\/bebijn.be\/fr\/wp-json\/wp\/v2\/product\/19863\/revisions"}],"predecessor-version":[{"id":19864,"href":"https:\/\/bebijn.be\/fr\/wp-json\/wp\/v2\/product\/19863\/revisions\/19864"}],"wp:featuredmedia":[{"embeddable":true,"href":"https:\/\/bebijn.be\/fr\/wp-json\/wp\/v2\/media\/19861"}],"wp:attachment":[{"href":"https:\/\/bebijn.be\/fr\/wp-json\/wp\/v2\/media?parent=19863"}],"wp:term":[{"taxonomy":"product_brand","embeddable":true,"href":"https:\/\/bebijn.be\/fr\/wp-json\/wp\/v2\/product_brand?post=19863"},{"taxonomy":"product_cat","embeddable":true,"href":"https:\/\/bebijn.be\/fr\/wp-json\/wp\/v2\/product_cat?post=19863"},{"taxonomy":"product_tag","embeddable":true,"href":"https:\/\/bebijn.be\/fr\/wp-json\/wp\/v2\/product_tag?post=19863"}],"curies":[{"name":"wp","href":"https:\/\/api.w.org\/{rel}","templated":true}]}}