{"id":19866,"date":"2026-03-16T14:24:08","date_gmt":"2026-03-16T12:24:08","guid":{"rendered":"https:\/\/bebijn.be\/?post_type=product&#038;p=19866"},"modified":"2026-03-27T11:11:51","modified_gmt":"2026-03-27T09:11:51","slug":"orange-fleur-doranger-vanille","status":"publish","type":"product","link":"https:\/\/bebijn.be\/fr\/product\/sinaasappel-oranjebloesem-vanille\/","title":{"rendered":"Orange - Fleur d'oranger - Vanille"},"content":{"rendered":"<p data-start=\"0\" data-end=\"427\"><strong data-start=\"30\" data-end=\"90\">Bonbons Bebi \u00e0 l'orange, \u00e0 la fleur d'oranger et \u00e0 la vanille<\/strong> est une harmonie sophistiqu\u00e9e d'agrumes ensoleill\u00e9s, d'\u00e9l\u00e9gance florale et de douce chaleur. L'orange apporte une douceur fra\u00eeche et juteuse, tandis que la fleur d'oranger ajoute une touche parfum\u00e9e d\u00e9licate. La vanille compl\u00e8te le tout avec une touche velout\u00e9e et cr\u00e9meuse. L'ensemble forme une confiserie subtile et luxueuse au charme m\u00e9diterran\u00e9en.<\/p>\n<p data-start=\"429\" data-end=\"552\">Id\u00e9al pour accompagner le caf\u00e9 comme mignardise, l'addition, une douceur \u00e0 d\u00e9guster ou \u00e0 offrir comme cadeau original.<\/p>\n<p data-start=\"554\" data-end=\"687\">Pour les amateurs de saveurs \u00e9l\u00e9gantes et aromatiques, cette confiserie est une friandise douce et ensoleill\u00e9e avec une d\u00e9licate nuance florale.<\/p>","protected":false},"excerpt":{"rendered":"<p data-start=\"0\" data-end=\"427\"><strong data-start=\"30\" data-end=\"90\">Bonbons Bebi \u00e0 l'orange, \u00e0 la fleur d'oranger et \u00e0 la vanille<\/strong> est une harmonie sophistiqu\u00e9e d'agrumes ensoleill\u00e9s, d'\u00e9l\u00e9gance florale et de douce chaleur. L'orange apporte une douceur fra\u00eeche et juteuse, tandis que la fleur d'oranger ajoute une touche parfum\u00e9e d\u00e9licate. La vanille compl\u00e8te le tout avec une touche velout\u00e9e et cr\u00e9meuse. L'ensemble forme une confiserie subtile et luxueuse au charme m\u00e9diterran\u00e9en.<\/p>\n<p data-start=\"429\" data-end=\"552\">Id\u00e9al pour accompagner le caf\u00e9 comme mignardise, l'addition, une douceur \u00e0 d\u00e9guster ou \u00e0 offrir comme cadeau original.<\/p>\n<p data-start=\"554\" data-end=\"687\">Pour les amateurs de saveurs \u00e9l\u00e9gantes et aromatiques, cette confiserie est une friandise douce et ensoleill\u00e9e avec une d\u00e9licate nuance florale.<\/p>","protected":false},"featured_media":19859,"template":"","meta":[],"product_brand":[],"product_cat":[70],"product_tag":[],"class_list":{"0":"post-19866","1":"product","2":"type-product","3":"status-publish","4":"has-post-thumbnail","6":"product_cat-uit-bebijn-assortiment","8":"first","9":"outofstock","10":"taxable","11":"shipping-taxable","12":"purchasable","13":"product-type-simple"},"yoast_head":"<!-- This site is optimized with the Yoast SEO Premium plugin v24.2 (Yoast SEO v27.4) - https:\/\/yoast.com\/product\/yoast-seo-premium-wordpress\/ -->\n<title>Sinaasappel \u2022 Oranjebloesem \u2022 Vanille - Artisanale snoep op maat | Bebijn<\/title>\n<meta name=\"description\" content=\"Bebijn snoepje met sinaasappel, oranjebloesem en vanille: zonnige citrus, bloemige elegantie en zachte vanille in perfecte harmonie. \ud83c\udf4a\ud83c\udf38\u2728\ud83c\udf6c\" \/>\n<meta name=\"robots\" content=\"index, follow, max-snippet:-1, max-image-preview:large, max-video-preview:-1\" \/>\n<link rel=\"canonical\" href=\"https:\/\/bebijn.be\/fr\/produit\/orange-fleur-doranger-vanille\/\" \/>\n<script type=\"application\/ld+json\" class=\"yoast-schema-graph\">{\"@context\":\"https:\\\/\\\/schema.org\",\"@graph\":[{\"@type\":\"WebPage\",\"@id\":\"https:\\\/\\\/bebijn.be\\\/product\\\/sinaasappel-oranjebloesem-vanille\\\/\",\"url\":\"https:\\\/\\\/bebijn.be\\\/product\\\/sinaasappel-oranjebloesem-vanille\\\/\",\"name\":\"Sinaasappel \u2022 Oranjebloesem \u2022 Vanille - Artisanale snoep op maat | Bebijn\",\"isPartOf\":{\"@id\":\"https:\\\/\\\/bebijn.be\\\/#website\"},\"primaryImageOfPage\":{\"@id\":\"https:\\\/\\\/bebijn.be\\\/product\\\/sinaasappel-oranjebloesem-vanille\\\/#primaryimage\"},\"image\":{\"@id\":\"https:\\\/\\\/bebijn.be\\\/product\\\/sinaasappel-oranjebloesem-vanille\\\/#primaryimage\"},\"thumbnailUrl\":\"https:\\\/\\\/bebijn.be\\\/wp-content\\\/uploads\\\/2025\\\/01\\\/nougat-sinaas-oranje-bebijn.jpg\",\"datePublished\":\"2026-03-16T12:24:08+00:00\",\"dateModified\":\"2026-03-27T09:11:51+00:00\",\"description\":\"Bebijn snoepje met sinaasappel, oranjebloesem en vanille: zonnige citrus, bloemige elegantie en zachte vanille in perfecte harmonie. \ud83c\udf4a\ud83c\udf38\u2728\ud83c\udf6c\",\"breadcrumb\":{\"@id\":\"https:\\\/\\\/bebijn.be\\\/product\\\/sinaasappel-oranjebloesem-vanille\\\/#breadcrumb\"},\"inLanguage\":\"fr-BE\",\"potentialAction\":[{\"@type\":\"ReadAction\",\"target\":[\"https:\\\/\\\/bebijn.be\\\/product\\\/sinaasappel-oranjebloesem-vanille\\\/\"]}]},{\"@type\":\"ImageObject\",\"inLanguage\":\"fr-BE\",\"@id\":\"https:\\\/\\\/bebijn.be\\\/product\\\/sinaasappel-oranjebloesem-vanille\\\/#primaryimage\",\"url\":\"https:\\\/\\\/bebijn.be\\\/wp-content\\\/uploads\\\/2025\\\/01\\\/nougat-sinaas-oranje-bebijn.jpg\",\"contentUrl\":\"https:\\\/\\\/bebijn.be\\\/wp-content\\\/uploads\\\/2025\\\/01\\\/nougat-sinaas-oranje-bebijn.jpg\",\"width\":800,\"height\":800},{\"@type\":\"BreadcrumbList\",\"@id\":\"https:\\\/\\\/bebijn.be\\\/product\\\/sinaasappel-oranjebloesem-vanille\\\/#breadcrumb\",\"itemListElement\":[{\"@type\":\"ListItem\",\"position\":1,\"name\":\"Home\",\"item\":\"https:\\\/\\\/bebijn.be\\\/\"},{\"@type\":\"ListItem\",\"position\":2,\"name\":\"Winkel Bebijn\",\"item\":\"https:\\\/\\\/bebijn.be\\\/winkel-bebijn\\\/\"},{\"@type\":\"ListItem\",\"position\":3,\"name\":\"Sinaasappel \u2022 Oranjebloesem \u2022 Vanille\"}]},{\"@type\":\"WebSite\",\"@id\":\"https:\\\/\\\/bebijn.be\\\/#website\",\"url\":\"https:\\\/\\\/bebijn.be\\\/\",\"name\":\"Bebijn | Artisanale snoep op maat\",\"description\":\"confiserie en snoep voor gastronomie marketing geschenk\",\"publisher\":{\"@id\":\"https:\\\/\\\/bebijn.be\\\/#organization\"},\"potentialAction\":[{\"@type\":\"SearchAction\",\"target\":{\"@type\":\"EntryPoint\",\"urlTemplate\":\"https:\\\/\\\/bebijn.be\\\/?s={search_term_string}\"},\"query-input\":{\"@type\":\"PropertyValueSpecification\",\"valueRequired\":true,\"valueName\":\"search_term_string\"}}],\"inLanguage\":\"fr-BE\"},{\"@type\":\"Organization\",\"@id\":\"https:\\\/\\\/bebijn.be\\\/#organization\",\"name\":\"Bebijn\",\"url\":\"https:\\\/\\\/bebijn.be\\\/\",\"logo\":{\"@type\":\"ImageObject\",\"inLanguage\":\"fr-BE\",\"@id\":\"https:\\\/\\\/bebijn.be\\\/#\\\/schema\\\/logo\\\/image\\\/\",\"url\":\"https:\\\/\\\/bebijn.be\\\/wp-content\\\/uploads\\\/2024\\\/12\\\/Bebijn-Logo-RGB-v1.png\",\"contentUrl\":\"https:\\\/\\\/bebijn.be\\\/wp-content\\\/uploads\\\/2024\\\/12\\\/Bebijn-Logo-RGB-v1.png\",\"width\":800,\"height\":800,\"caption\":\"Bebijn\"},\"image\":{\"@id\":\"https:\\\/\\\/bebijn.be\\\/#\\\/schema\\\/logo\\\/image\\\/\"},\"sameAs\":[\"https:\\\/\\\/www.facebook.com\\\/bebijn\\\/\",\"https:\\\/\\\/www.instagram.com\\\/bebijn.sweets\\\/\"]}]}<\/script>\n<meta property=\"product:price:amount\" content=\"45.00\" \/>\n<meta property=\"product:price:currency\" content=\"EUR\" \/>\n<meta property=\"og:availability\" content=\"out of stock\" \/>\n<meta property=\"product:availability\" content=\"out of stock\" \/>\n<meta property=\"product:condition\" content=\"new\" \/>\n<!-- \/ Yoast SEO Premium plugin. -->","yoast_head_json":{"title":"Orange - Fleur d'oranger - Vanille - Confiserie artisanale personnalis\u00e9e | Bebijn","description":"Bonbon Bebi \u00e0 l'orange, \u00e0 la fleur d'oranger et \u00e0 la vanille : agrumes ensoleill\u00e9s, \u00e9l\u00e9gance florale et douce vanille en parfaite harmonie. \ud83c\udf4a\ud83c\udf38\u2728\ud83c\udf6c","robots":{"index":"index","follow":"follow","max-snippet":"max-snippet:-1","max-image-preview":"max-image-preview:large","max-video-preview":"max-video-preview:-1"},"canonical":"https:\/\/bebijn.be\/fr\/produit\/orange-fleur-doranger-vanille\/","schema":{"@context":"https:\/\/schema.org","@graph":[{"@type":"WebPage","@id":"https:\/\/bebijn.be\/product\/sinaasappel-oranjebloesem-vanille\/","url":"https:\/\/bebijn.be\/product\/sinaasappel-oranjebloesem-vanille\/","name":"Orange - Fleur d'oranger - Vanille - Confiserie artisanale personnalis\u00e9e | Bebijn","isPartOf":{"@id":"https:\/\/bebijn.be\/#website"},"primaryImageOfPage":{"@id":"https:\/\/bebijn.be\/product\/sinaasappel-oranjebloesem-vanille\/#primaryimage"},"image":{"@id":"https:\/\/bebijn.be\/product\/sinaasappel-oranjebloesem-vanille\/#primaryimage"},"thumbnailUrl":"https:\/\/bebijn.be\/wp-content\/uploads\/2025\/01\/nougat-sinaas-oranje-bebijn.jpg","datePublished":"2026-03-16T12:24:08+00:00","dateModified":"2026-03-27T09:11:51+00:00","description":"Bonbon Bebi \u00e0 l'orange, \u00e0 la fleur d'oranger et \u00e0 la vanille : agrumes ensoleill\u00e9s, \u00e9l\u00e9gance florale et douce vanille en parfaite harmonie. \ud83c\udf4a\ud83c\udf38\u2728\ud83c\udf6c","breadcrumb":{"@id":"https:\/\/bebijn.be\/product\/sinaasappel-oranjebloesem-vanille\/#breadcrumb"},"inLanguage":"fr-BE","potentialAction":[{"@type":"ReadAction","target":["https:\/\/bebijn.be\/product\/sinaasappel-oranjebloesem-vanille\/"]}]},{"@type":"ImageObject","inLanguage":"fr-BE","@id":"https:\/\/bebijn.be\/product\/sinaasappel-oranjebloesem-vanille\/#primaryimage","url":"https:\/\/bebijn.be\/wp-content\/uploads\/2025\/01\/nougat-sinaas-oranje-bebijn.jpg","contentUrl":"https:\/\/bebijn.be\/wp-content\/uploads\/2025\/01\/nougat-sinaas-oranje-bebijn.jpg","width":800,"height":800},{"@type":"BreadcrumbList","@id":"https:\/\/bebijn.be\/product\/sinaasappel-oranjebloesem-vanille\/#breadcrumb","itemListElement":[{"@type":"ListItem","position":1,"name":"Home","item":"https:\/\/bebijn.be\/"},{"@type":"ListItem","position":2,"name":"Winkel Bebijn","item":"https:\/\/bebijn.be\/winkel-bebijn\/"},{"@type":"ListItem","position":3,"name":"Sinaasappel \u2022 Oranjebloesem \u2022 Vanille"}]},{"@type":"WebSite","@id":"https:\/\/bebijn.be\/#website","url":"https:\/\/bebijn.be\/","name":"Bebijn | Sucreries artisanales personnalis\u00e9es","description":"confiserie et bonbons pour la gastronomie cadeau marketing","publisher":{"@id":"https:\/\/bebijn.be\/#organization"},"potentialAction":[{"@type":"SearchAction","target":{"@type":"EntryPoint","urlTemplate":"https:\/\/bebijn.be\/?s={search_term_string}"},"query-input":{"@type":"PropertyValueSpecification","valueRequired":true,"valueName":"search_term_string"}}],"inLanguage":"fr-BE"},{"@type":"Organization","@id":"https:\/\/bebijn.be\/#organization","name":"Bebijn","url":"https:\/\/bebijn.be\/","logo":{"@type":"ImageObject","inLanguage":"fr-BE","@id":"https:\/\/bebijn.be\/#\/schema\/logo\/image\/","url":"https:\/\/bebijn.be\/wp-content\/uploads\/2024\/12\/Bebijn-Logo-RGB-v1.png","contentUrl":"https:\/\/bebijn.be\/wp-content\/uploads\/2024\/12\/Bebijn-Logo-RGB-v1.png","width":800,"height":800,"caption":"Bebijn"},"image":{"@id":"https:\/\/bebijn.be\/#\/schema\/logo\/image\/"},"sameAs":["https:\/\/www.facebook.com\/bebijn\/","https:\/\/www.instagram.com\/bebijn.sweets\/"]}]},"product_price_amount":"45.00","product_price_currency":"EUR","og_availability":"out of stock","product_availability":"out of stock","product_condition":"new"},"_links":{"self":[{"href":"https:\/\/bebijn.be\/fr\/wp-json\/wp\/v2\/product\/19866","targetHints":{"allow":["GET"]}}],"collection":[{"href":"https:\/\/bebijn.be\/fr\/wp-json\/wp\/v2\/product"}],"about":[{"href":"https:\/\/bebijn.be\/fr\/wp-json\/wp\/v2\/types\/product"}],"version-history":[{"count":1,"href":"https:\/\/bebijn.be\/fr\/wp-json\/wp\/v2\/product\/19866\/revisions"}],"predecessor-version":[{"id":19867,"href":"https:\/\/bebijn.be\/fr\/wp-json\/wp\/v2\/product\/19866\/revisions\/19867"}],"wp:featuredmedia":[{"embeddable":true,"href":"https:\/\/bebijn.be\/fr\/wp-json\/wp\/v2\/media\/19859"}],"wp:attachment":[{"href":"https:\/\/bebijn.be\/fr\/wp-json\/wp\/v2\/media?parent=19866"}],"wp:term":[{"taxonomy":"product_brand","embeddable":true,"href":"https:\/\/bebijn.be\/fr\/wp-json\/wp\/v2\/product_brand?post=19866"},{"taxonomy":"product_cat","embeddable":true,"href":"https:\/\/bebijn.be\/fr\/wp-json\/wp\/v2\/product_cat?post=19866"},{"taxonomy":"product_tag","embeddable":true,"href":"https:\/\/bebijn.be\/fr\/wp-json\/wp\/v2\/product_tag?post=19866"}],"curies":[{"name":"wp","href":"https:\/\/api.w.org\/{rel}","templated":true}]}}